{"id":49,"date":"2020-09-10T15:21:21","date_gmt":"2020-09-10T12:21:21","guid":{"rendered":"https:\/\/www.emreecza.com\/magaza\/?page_id=49"},"modified":"2020-09-14T15:43:10","modified_gmt":"2020-09-14T12:43:10","slug":"emre-ecza-ilac-asi-ve-danismanlik-hakkinda","status":"publish","type":"page","link":"https:\/\/www.emreecza.com\/magaza\/emre-ecza-ilac-asi-ve-danismanlik-hakkinda\/","title":{"rendered":"Emre Ecza Hakk\u0131nda"},"content":{"rendered":"\n<p><a rel=\"noreferrer noopener\" href=\"http:\/\/www.emreecza.com\/tr\/tarihce.php\" target=\"_blank\">Emre Ecza \u0130la\u00e7 A\u015f\u0131 ve Dan\u0131\u015fmanl\u0131k ile ilgili daha geni\u015f bilgi almak i\u00e7in Tarih\u00e7e sayfas\u0131n\u0131 ziyaret edebilirsiniz.<\/a><\/p>\n","protected":false},"excerpt":{"rendered":"<p>Emre Ecza \u0130la\u00e7 A\u015f\u0131 ve Dan\u0131\u015fmanl\u0131k ile ilgili daha geni\u015f bilgi almak i\u00e7in Tarih\u00e7e sayfas\u0131n\u0131 ziyaret edebilirsiniz.<\/p>\n","protected":false},"author":1,"featured_media":0,"parent":0,"menu_order":0,"comment_status":"closed","ping_status":"closed","template":"","meta":[],"_links":{"self":[{"href":"https:\/\/www.emreecza.com\/magaza\/wp-json\/wp\/v2\/pages\/49"}],"collection":[{"href":"https:\/\/www.emreecza.com\/magaza\/wp-json\/wp\/v2\/pages"}],"about":[{"href":"https:\/\/www.emreecza.com\/magaza\/wp-json\/wp\/v2\/types\/page"}],"author":[{"embeddable":true,"href":"https:\/\/www.emreecza.com\/magaza\/wp-json\/wp\/v2\/users\/1"}],"replies":[{"embeddable":true,"href":"https:\/\/www.emreecza.com\/magaza\/wp-json\/wp\/v2\/comments?post=49"}],"version-history":[{"count":4,"href":"https:\/\/www.emreecza.com\/magaza\/wp-json\/wp\/v2\/pages\/49\/revisions"}],"predecessor-version":[{"id":55,"href":"https:\/\/www.emreecza.com\/magaza\/wp-json\/wp\/v2\/pages\/49\/revisions\/55"}],"wp:attachment":[{"href":"https:\/\/www.emreecza.com\/magaza\/wp-json\/wp\/v2\/media?parent=49"}],"curies":[{"name":"wp","href":"https:\/\/api.w.org\/{rel}","templated":true}]}}